{"id":776,"date":"2011-11-28T22:55:25","date_gmt":"2011-11-29T01:55:25","guid":{"rendered":"https:\/\/ncep.ufpr.br\/?page_id=776"},"modified":"2014-10-23T21:02:18","modified_gmt":"2014-10-24T00:02:18","slug":"colegio-manoel-ribas","status":"publish","type":"page","link":"https:\/\/ncep.ufpr.br\/?page_id=776","title":{"rendered":"Col\u00e9gio Estadual Manoel Ribas"},"content":{"rendered":"<div><strong>Qual \u00e9 a proposta?<\/strong><\/p>\n<p>Desenvolver uma r\u00e1dio com alunos de 12 a 14 anos do \u00a0col\u00e9gio, de modo que sirva como meio de comunica\u00e7\u00e3o voltado ao ambiente escolar e tamb\u00e9m \u00e0 comunidade local. Os alunos produzem not\u00edcias que s\u00e3o interessantes para eles e que buscam suprir a necessidade de informa\u00e7\u00e3o e de servi\u00e7os do p\u00fablico-alvo. Desde 2012, os alunos mant\u00eam um blog com o nome do jornal (&#8220;Fala Manec\u00e3o!&#8221;): http:\/\/falamanecao.blogspot.com.br\/.<\/p>\n<p><strong>Como \u00e9 desenvolvido o projeto?<\/strong><\/p>\n<p>As reuni\u00f5es com os alunos acontecem toda segunda-feira, durante as aulas da disciplina de M\u00eddias \u2013 com a qual o projeto \u00e9 integrado. Nesses encontros, os alunos recebem orienta\u00e7\u00e3o na organiza\u00e7\u00e3o da r\u00e1dio-escola.<\/p>\n<p><strong>Quem s\u00e3o os integrantes?<\/strong><\/p>\n<p>Bruna Let\u00edcia<\/p>\n<p>Luiza Guimar\u00e3es<\/p>\n<p>Vinicius do Prado<\/p>\n<p>Douglas Maia<\/p>\n<p>Tha\u00edssa Falc\u00e3o<\/p>\n<p>Marcia Elizandra<\/p>\n<p><strong>O que j\u00e1 foi alcan\u00e7ado?<\/strong><\/p>\n<p>O projeto conseguiu estimular alunos que nunca tiveram contato com produ\u00e7\u00e3o de produtos midi\u00e1ticos a elaborar seu pr\u00f3prio programa de r\u00e1dio.<\/p>\n<p><strong>Quais s\u00e3o os atuais objetivos?<\/strong><\/p>\n<p>Despertar a consci\u00eancia cidad\u00e3 e cr\u00edtica dos adolescentes sobre o consumo e a produ\u00e7\u00e3o de m\u00eddia.<\/p>\n<p><strong>Onde \u00e9 realizado?<\/strong><\/p>\n<p>No Col\u00e9gio Estadual Manoel Ribas, localizado na Vila das Torres, no bairro Prado Velho.<\/p>\n<p><strong>Quando come\u00e7ou?<\/strong><\/p>\n<p>Em julho de 2011.<\/p>\n<\/div>\n","protected":false},"excerpt":{"rendered":"<p>Qual \u00e9 a proposta? Desenvolver uma r\u00e1dio com alunos de 12 a 14 anos do \u00a0col\u00e9gio, de modo que sirva como meio de comunica\u00e7\u00e3o voltado ao ambiente escolar e tamb\u00e9m \u00e0 comunidade local. Os alunos produzem not\u00edcias que s\u00e3o interessantes para eles e que buscam suprir a necessidade de informa\u00e7\u00e3o e de servi\u00e7os do p\u00fablico-alvo. [&hellip;]<\/p>\n","protected":false},"author":3,"featured_media":0,"parent":3,"menu_order":4,"comment_status":"open","ping_status":"open","template":"","meta":{"footnotes":""},"class_list":["post-776","page","type-page","status-publish","hentry"],"_links":{"self":[{"href":"https:\/\/ncep.ufpr.br\/index.php?rest_route=\/wp\/v2\/pages\/776"}],"collection":[{"href":"https:\/\/ncep.ufpr.br\/index.php?rest_route=\/wp\/v2\/pages"}],"about":[{"href":"https:\/\/ncep.ufpr.br\/index.php?rest_route=\/wp\/v2\/types\/page"}],"author":[{"embeddable":true,"href":"https:\/\/ncep.ufpr.br\/index.php?rest_route=\/wp\/v2\/users\/3"}],"replies":[{"embeddable":true,"href":"https:\/\/ncep.ufpr.br\/index.php?rest_route=%2Fwp%2Fv2%2Fcomments&post=776"}],"version-history":[{"count":11,"href":"https:\/\/ncep.ufpr.br\/index.php?rest_route=\/wp\/v2\/pages\/776\/revisions"}],"predecessor-version":[{"id":1390,"href":"https:\/\/ncep.ufpr.br\/index.php?rest_route=\/wp\/v2\/pages\/776\/revisions\/1390"}],"up":[{"embeddable":true,"href":"https:\/\/ncep.ufpr.br\/index.php?rest_route=\/wp\/v2\/pages\/3"}],"wp:attachment":[{"href":"https:\/\/ncep.ufpr.br\/index.php?rest_route=%2Fwp%2Fv2%2Fmedia&parent=776"}],"curies":[{"name":"wp","href":"https:\/\/api.w.org\/{rel}","templated":true}]}}