{"id":724,"date":"2011-02-03T13:21:09","date_gmt":"2011-02-03T16:21:09","guid":{"rendered":"https:\/\/ncep.ufpr.br\/?page_id=724"},"modified":"2014-10-21T09:38:23","modified_gmt":"2014-10-21T12:38:23","slug":"movimento-nacional-da-populacao-em-situacao-de-rua","status":"publish","type":"page","link":"https:\/\/ncep.ufpr.br\/?page_id=724","title":{"rendered":"Movimento Nacional da Popula\u00e7\u00e3o de Rua &#8211; Jornal A Laje"},"content":{"rendered":"<p><a href=\"http:\/\/www.facebook.com\/JornalALaje\" target=\"_blank\"><img decoding=\"async\" class=\"alignleft\" title=\"A Laje no FB\" src=\"http:\/\/testelaje.files.wordpress.com\/2012\/05\/fbanimado.gif\" alt=\"\" width=\"25%\" height=\"25%\" \/><\/a><\/p>\n<div><strong> <\/strong><\/p>\n<p><strong>Qual \u00e9 a proposta?<\/strong><\/p>\n<p>Construir mensalmente um jornal como ve\u00edculo de comunica\u00e7\u00e3o produzido para e sobre a popula\u00e7\u00e3o em situa\u00e7\u00e3o de rua de Curitiba, com pautas que atendam aos interesses e necessidades dos mesmos. Para acessar as edi\u00e7\u00f5es virtuais: <a href=\"https:\/\/issuu.com\/alaje\">https:\/\/issuu.com\/alaje<\/a><\/p>\n<p><strong>Como \u00e9 desenvolvido o projeto?<\/strong><\/p>\n<p>O projeto \u00e9 desenvolvido a partir de reuni\u00f5es semanais \u00e0s ter\u00e7as-feiras na sede do Movimento Nacional da Popula\u00e7\u00e3o de Rua (MNPR). Nesses encontros s\u00e3o levantadas pautas, apuradas informa\u00e7\u00f5es, distribu\u00eddas tarefas e divulgados eventos relevantes. Eventualmente, os membros do projeto saem a campo para fazer mat\u00e9rias com pessoas em situa\u00e7\u00e3o de rua. A reda\u00e7\u00e3o da maior parcela do conte\u00fado, a revis\u00e3o e a diagrama\u00e7\u00e3o do ve\u00edculo \u00e9 de responsabilidade do NCEP. A impress\u00e3o fica a cargo de sindicatos apoiadores que se revezam para imprimir a tiragem atual de mil exemplares por edi\u00e7\u00e3o.<\/p>\n<p><strong>Quem s\u00e3o os integrantes <\/strong><strong>atuais<\/strong><strong>?<\/strong><\/p>\n<p>Douglas Maia<\/p>\n<p>Heloisa Nichele<\/p>\n<p>Maria Isabel Miqueletto<\/p>\n<p>Milena Alves<\/p>\n<p>Vinicius do Prado<\/p>\n<p>Helena Salvador<\/p>\n<p><strong>O que j\u00e1 foi alcan\u00e7ado?<\/strong><\/p>\n<p>At\u00e9 agora foram publicadas mais de vinte edi\u00e7\u00f5es. A princ\u00edpio, o jornal era impresso em formato A4, frente e verso. Depois da 14\u00ba edi\u00e7\u00e3o passou a ser impresso em papel A3, dobrado ao meio, com um total de quatro p\u00e1ginas. Assim \u00e9 feito at\u00e9 as edi\u00e7\u00f5es mais recentes.<\/p>\n<p><strong>Quais s\u00e3o os atuais objetivos?<\/strong><\/p>\n<p>A Laje tem por objetivo ser um meio de luta para reivindicar os direitos da popula\u00e7\u00e3o em situa\u00e7\u00e3o de rua. Para isso, tem acompanhado e feito a cobertura de eventos, campanhas e a\u00e7\u00f5es com foco na popula\u00e7\u00e3o de rua, como o Dia de Lutas, a Campanha do Agasalho e o Consult\u00f3rio na Rua. Quando necess\u00e1rio, o jornal tamb\u00e9m denuncia casos de injusti\u00e7a e descaso contra a classe.<\/p>\n<p><strong>Onde \u00e9 realizado?<\/strong><\/p>\n<p>Na sede do MNPR que atualmente situa-se na Rua 21 de Abril, n\u00famero 119, no bairro Alto da Gl\u00f3ria. Semanalmente todas \u00e0s ter\u00e7as-feiras a partir das 14h.<\/p>\n<p><strong>Quando come\u00e7ou?<\/strong><\/p>\n<p>A parceria teve in\u00edcio em setembro de 2010 e a primeira edi\u00e7\u00e3o d&#8217;A Laje foi lan\u00e7ada dois meses depois, no dia 12 de novembro.<\/p>\n<\/div>\n","protected":false},"excerpt":{"rendered":"<p>Qual \u00e9 a proposta? Construir mensalmente um jornal como ve\u00edculo de comunica\u00e7\u00e3o produzido para e sobre a popula\u00e7\u00e3o em situa\u00e7\u00e3o de rua de Curitiba, com pautas que atendam aos interesses e necessidades dos mesmos. Para acessar as edi\u00e7\u00f5es virtuais: https:\/\/issuu.com\/alaje Como \u00e9 desenvolvido o projeto? O projeto \u00e9 desenvolvido a partir de reuni\u00f5es semanais \u00e0s [&hellip;]<\/p>\n","protected":false},"author":3,"featured_media":0,"parent":3,"menu_order":5,"comment_status":"open","ping_status":"open","template":"","meta":{"footnotes":""},"class_list":["post-724","page","type-page","status-publish","hentry"],"_links":{"self":[{"href":"https:\/\/ncep.ufpr.br\/index.php?rest_route=\/wp\/v2\/pages\/724"}],"collection":[{"href":"https:\/\/ncep.ufpr.br\/index.php?rest_route=\/wp\/v2\/pages"}],"about":[{"href":"https:\/\/ncep.ufpr.br\/index.php?rest_route=\/wp\/v2\/types\/page"}],"author":[{"embeddable":true,"href":"https:\/\/ncep.ufpr.br\/index.php?rest_route=\/wp\/v2\/users\/3"}],"replies":[{"embeddable":true,"href":"https:\/\/ncep.ufpr.br\/index.php?rest_route=%2Fwp%2Fv2%2Fcomments&post=724"}],"version-history":[{"count":9,"href":"https:\/\/ncep.ufpr.br\/index.php?rest_route=\/wp\/v2\/pages\/724\/revisions"}],"predecessor-version":[{"id":2881,"href":"https:\/\/ncep.ufpr.br\/index.php?rest_route=\/wp\/v2\/pages\/724\/revisions\/2881"}],"up":[{"embeddable":true,"href":"https:\/\/ncep.ufpr.br\/index.php?rest_route=\/wp\/v2\/pages\/3"}],"wp:attachment":[{"href":"https:\/\/ncep.ufpr.br\/index.php?rest_route=%2Fwp%2Fv2%2Fmedia&parent=724"}],"curies":[{"name":"wp","href":"https:\/\/api.w.org\/{rel}","templated":true}]}}