{"id":508,"date":"2010-05-27T16:35:33","date_gmt":"2010-05-27T19:35:33","guid":{"rendered":"https:\/\/ncep.ufpr.br\/?page_id=508"},"modified":"2014-10-20T20:54:09","modified_gmt":"2014-10-20T23:54:09","slug":"pesquisa","status":"publish","type":"page","link":"https:\/\/ncep.ufpr.br\/?page_id=508","title":{"rendered":"Pesquisa"},"content":{"rendered":"<p style=\"text-align: justify;\">Aqui voc\u00ea encontrar\u00e1 textos, artigos e pesquisas feitos pelo n\u00facleo ao longo dos anos.<\/p>\n<p><strong><span style=\"color: #333399;\"><a href=\"http:\/\/issuu.com\/alaje\/docs\/artigo_ncep_2__pdf\/0\"><span style=\"color: #000000;\"><span style=\"font-size: small;\">NCEP UFPR: RELATO DE EXPERI\u00caNCIAS EM COMUNICA\u00c7\u00c3O POPULAR<\/span><\/span><\/a><\/span><\/strong><\/p>\n<p><strong>Resumo:<\/strong><\/p>\n<p>Este artigo tem como objetivo apresentar o N\u00facleo de Comunica\u00e7\u00e3o e Educa\u00e7\u00e3o Popular (NCEP) e os resultados que vem sendo alcan\u00e7ados pela equipe e parceiros do projeto, bem como fornecer breves relatos de experi\u00eancia das atividades em que a gest\u00e3o do N\u00facleo est\u00e1 envolvida. O NCEP \u00e9 um projeto de extens\u00e3o vinculado ao curso de Comunica\u00e7\u00e3o Social da Universidade Federal do Paran\u00e1 e foi criado em 2003, com o objetivo de estimular a discuss\u00e3o sobre comunica\u00e7\u00e3o popular e assessorar movimentos sociais a fim de promover a democratiza\u00e7\u00e3o dos meios de comunica\u00e7\u00e3o. A gest\u00e3o 2013\/2014 do NCEP conta com vinte e um membros, entre bolsistas e volunt\u00e1rios da gradua\u00e7\u00e3o das tr\u00eas habilita\u00e7\u00f5es do curso de Comunica\u00e7\u00e3o Social (Jornalismo, Publicidade e Propaganda e Rela\u00e7\u00f5es P\u00fablicas), sob a orienta\u00e7\u00e3o e coordena\u00e7\u00e3o do Prof\u00ba Dr\u00ba Guilherme Carvalho. Os alunos de gradua\u00e7\u00e3o envolvidos auxiliam os parceiros do N\u00facleo em projetos espec\u00edficos. Atualmente, o NCEP conta com quatro parcerias, sendo elas o Col\u00e9gio Estadual Manoel Ribas, a Escola Estadual Herbert de Souza, o Centro de Socioeduca\u00e7\u00e3o (Cense) do munic\u00edpio de Fazenda Rio Grande e o Movimento Nacional da Popula\u00e7\u00e3o de Rua (MNPR), em que os integrantes do N\u00facleo desenvolvem oficinas de reda\u00e7\u00e3o e produ\u00e7\u00e3o em r\u00e1dio e em jornal impresso.<\/p>\n<p style=\"text-align: justify;\"><em><br \/>\n<\/em><\/p>\n<h2><a href=\"https:\/\/docs.google.com\/fileview?id=0BwZ2sjxJGDuxYmVhY2QyZjgtNTQzNS00MTJlLWE3NzAtMGY2OWNiMGI4OGE3&amp;hl=pt_BR\" target=\"_blank\">N\u00facleo de Comunica\u00e7\u00e3o e Educa\u00e7\u00e3o Popular: a educa\u00e7\u00e3o para os meios atrav\u00e9s da extens\u00e3o universit\u00e1ria<\/a><\/h2>\n<h3>Resumo: <span style=\"font-size: 13.2px;\"> <\/span><\/h3>\n<div style=\"text-align: justify; padding-left: 30px;\">O texto apresenta uma experi\u00eancia de educa\u00e7\u00e3o para os meios realizada pelo N\u00facleo de Comunica\u00e7\u00e3o e Educa\u00e7\u00e3o Popular do departamento de Comunica\u00e7\u00e3o da Universidade Federal do Paran\u00e1 no ano de 2004. O projeto surgiu da demanda constatada pelo NCEP \u2013 N\u00facleo de Comunica\u00e7\u00e3o e Educa\u00e7\u00e3o Popular, que assessora os movimentos populares e sociais de Curitiba nas suas a\u00e7\u00f5es de comunica\u00e7\u00e3o e demonstra o interesse da comunidade e da escola, em particular, por programas de educa\u00e7\u00e3o para os meios. Intitulada Cinema na Escola para o Professor, relata uma proposta de educa\u00e7\u00e3o para os meios, desenvolvida junto a professores de uma escola p\u00fablica do centro de Curitiba. Atrav\u00e9s dela, foram realizados encontros mensais nos quais a comunica\u00e7\u00e3o social foi discutida a partir de alguns filmes, que eram exibidos para o grupo e seguidos de debate. Os filmes serviam para propor o debate sobre a m\u00eddia na sociedade e apontar pistas para o uso do cinema em sala de aula, considerando todas as suas especificidades. O resultado do projeto evidencia a possibilidade de atua\u00e7\u00e3o dos alunos de gradua\u00e7\u00e3o em a\u00e7\u00f5es concretas em defesa da cidadania, que come\u00e7am pela compreens\u00e3o de que a forma\u00e7\u00e3o de um esp\u00edrito cr\u00edtico sobre os meios de comunica\u00e7\u00e3o de massa come\u00e7a pelo direito de acesso aos seus diferentes produtos.<\/div>\n","protected":false},"excerpt":{"rendered":"<p>Aqui voc\u00ea encontrar\u00e1 textos, artigos e pesquisas feitos pelo n\u00facleo ao longo dos anos. NCEP UFPR: RELATO DE EXPERI\u00caNCIAS EM COMUNICA\u00c7\u00c3O POPULAR Resumo: Este artigo tem como objetivo apresentar o N\u00facleo de Comunica\u00e7\u00e3o e Educa\u00e7\u00e3o Popular (NCEP) e os resultados que vem sendo alcan\u00e7ados pela equipe e parceiros do projeto, bem como fornecer breves relatos [&hellip;]<\/p>\n","protected":false},"author":3,"featured_media":0,"parent":0,"menu_order":4,"comment_status":"open","ping_status":"open","template":"","meta":{"footnotes":""},"class_list":["post-508","page","type-page","status-publish","hentry"],"_links":{"self":[{"href":"https:\/\/ncep.ufpr.br\/index.php?rest_route=\/wp\/v2\/pages\/508"}],"collection":[{"href":"https:\/\/ncep.ufpr.br\/index.php?rest_route=\/wp\/v2\/pages"}],"about":[{"href":"https:\/\/ncep.ufpr.br\/index.php?rest_route=\/wp\/v2\/types\/page"}],"author":[{"embeddable":true,"href":"https:\/\/ncep.ufpr.br\/index.php?rest_route=\/wp\/v2\/users\/3"}],"replies":[{"embeddable":true,"href":"https:\/\/ncep.ufpr.br\/index.php?rest_route=%2Fwp%2Fv2%2Fcomments&post=508"}],"version-history":[{"count":7,"href":"https:\/\/ncep.ufpr.br\/index.php?rest_route=\/wp\/v2\/pages\/508\/revisions"}],"predecessor-version":[{"id":546,"href":"https:\/\/ncep.ufpr.br\/index.php?rest_route=\/wp\/v2\/pages\/508\/revisions\/546"}],"wp:attachment":[{"href":"https:\/\/ncep.ufpr.br\/index.php?rest_route=%2Fwp%2Fv2%2Fmedia&parent=508"}],"curies":[{"name":"wp","href":"https:\/\/api.w.org\/{rel}","templated":true}]}}