{"id":416,"date":"2010-04-19T20:08:59","date_gmt":"2010-04-19T23:08:59","guid":{"rendered":"https:\/\/ncep.ufpr.br\/?page_id=416"},"modified":"2010-04-19T20:09:36","modified_gmt":"2010-04-19T23:09:36","slug":"radio-caranguejinho","status":"publish","type":"page","link":"https:\/\/ncep.ufpr.br\/?page_id=416","title":{"rendered":"R\u00e1dio Caranguejinho"},"content":{"rendered":"<p style=\"text-align: right;\"><strong>Carolina Bertuol<\/strong><\/p>\n<p><strong>\u00a0<\/strong><\/p>\n<p style=\"text-align: justify;\">Uma cobertura jornal\u00edstica diferenciada. Crian\u00e7as falando sem parar de um lado para o outro, animadas com os gravadores digitais nas m\u00e3os e com a oportunidade de sair \u00e0s ruas para realizar entrevistas como verdadeiros rep\u00f3rteres. Essa foi apenas uma parte da experi\u00eancia da R\u00e1dio Caranguejinho, uma oficina realizada no festival de inverno em Antonina\/PR, em 2009. \u00a0A oficina teve como proposta oferecer aos alunos uma viv\u00eancia do radiojornalismo durante todo o festival. Toda manh\u00e3 a pauta do dia era organizada pela ministrante, professora Dr. Luciana Panke, e repassada \u00e0s crian\u00e7as que saiam em busca de suas mat\u00e9rias pelas ruas da cidade. \u00a0Voltavam depois ao est\u00fadio com os depoimentos j\u00e1 registrados para, ent\u00e3o, poder gravar os offs e editar as suas reportagens. Concretizava-se o dia-a-dia de um jornal mirim. Por fim, com expectativa, o programa era finalizado e veiculado para os ouvidos atentos daquelas crian\u00e7as. Durante o festival, esse grupinho pode participar ativamente de todo o evento, cobrindo os acontecimentos e dando voz \u00e0 comunidade para expressar suas opini\u00f5es.<\/p>\n","protected":false},"excerpt":{"rendered":"<p>Carolina Bertuol \u00a0 Uma cobertura jornal\u00edstica diferenciada. Crian\u00e7as falando sem parar de um lado para o outro, animadas com os gravadores digitais nas m\u00e3os e com a oportunidade de sair \u00e0s ruas para realizar entrevistas como verdadeiros rep\u00f3rteres. Essa foi apenas uma parte da experi\u00eancia da R\u00e1dio Caranguejinho, uma oficina realizada no festival de inverno [&hellip;]<\/p>\n","protected":false},"author":3,"featured_media":0,"parent":150,"menu_order":0,"comment_status":"open","ping_status":"open","template":"","meta":{"footnotes":""},"class_list":["post-416","page","type-page","status-publish","hentry"],"_links":{"self":[{"href":"https:\/\/ncep.ufpr.br\/index.php?rest_route=\/wp\/v2\/pages\/416"}],"collection":[{"href":"https:\/\/ncep.ufpr.br\/index.php?rest_route=\/wp\/v2\/pages"}],"about":[{"href":"https:\/\/ncep.ufpr.br\/index.php?rest_route=\/wp\/v2\/types\/page"}],"author":[{"embeddable":true,"href":"https:\/\/ncep.ufpr.br\/index.php?rest_route=\/wp\/v2\/users\/3"}],"replies":[{"embeddable":true,"href":"https:\/\/ncep.ufpr.br\/index.php?rest_route=%2Fwp%2Fv2%2Fcomments&post=416"}],"version-history":[{"count":3,"href":"https:\/\/ncep.ufpr.br\/index.php?rest_route=\/wp\/v2\/pages\/416\/revisions"}],"predecessor-version":[{"id":419,"href":"https:\/\/ncep.ufpr.br\/index.php?rest_route=\/wp\/v2\/pages\/416\/revisions\/419"}],"up":[{"embeddable":true,"href":"https:\/\/ncep.ufpr.br\/index.php?rest_route=\/wp\/v2\/pages\/150"}],"wp:attachment":[{"href":"https:\/\/ncep.ufpr.br\/index.php?rest_route=%2Fwp%2Fv2%2Fmedia&parent=416"}],"curies":[{"name":"wp","href":"https:\/\/api.w.org\/{rel}","templated":true}]}}