{"id":326,"date":"2010-04-15T14:42:29","date_gmt":"2010-04-15T17:42:29","guid":{"rendered":"https:\/\/ncep.ufpr.br\/?page_id=326"},"modified":"2010-04-15T20:08:37","modified_gmt":"2010-04-15T23:08:37","slug":"27%c2%ba-seurs","status":"publish","type":"page","link":"https:\/\/ncep.ufpr.br\/?page_id=326","title":{"rendered":"27\u00ba SEURS"},"content":{"rendered":"<div><strong>27\u00ba\u00a0SEURS (Semin\u00e1rio de Extens\u00e3o Universit\u00e1ria da Regi\u00e3o Sul)<\/strong><\/div>\n<h5 style=\"text-align: right;\">Andressa Fedalto<\/h5>\n<p style=\"text-align: justify;\">Foram 14 longas horas de viagem e cerda de 900 Km percorridos de Curitiba (PR)\u00a0<a href=\"https:\/\/ncep.ufpr.br\/wp-content\/uploads\/2010\/03\/DSC00031.jpg\"><img loading=\"lazy\" decoding=\"async\" class=\"alignleft\" style=\"margin-right: 4px; margin-left: 4px; margin-top: 6px; margin-bottom: 6px;\" title=\"Extensionistas UFPR\" src=\"https:\/\/ncep.ufpr.br\/wp-content\/uploads\/2010\/03\/DSC00031-150x150.jpg\" alt=\"\" width=\"149\" height=\"154\" \/><\/a>at\u00e9 a cidade de Santa Maria, no Rio Grande do Sul. O tema do 27\u00ba SEURS, que ocorreu de 25 a 27 de novembro de 2009, foi \u201cOs Desafios da Intera\u00e7\u00e3o Universidade-Comunidade: Extens\u00e3o Universit\u00e1ria e as Tecnologias Sociais\u201d. Este tema proporcionou a reflex\u00e3o n\u00e3o s\u00f3 sobre as tecnologias aplicadas para a melhoria na qualidade de vida, mas a respeito da extens\u00e3o universit\u00e1ria em si, que acabado sendo um princ\u00edpio educativo que busca a produ\u00e7\u00e3o de conhecimento atrav\u00e9s do contato com situa\u00e7\u00f5es reais.<\/p>\n<p style=\"text-align: justify;\">O evento teve in\u00edcio com o debate sobre o sentido da extens\u00e3o universit\u00e1ria e<a href=\"https:\/\/ncep.ufpr.br\/wp-content\/uploads\/2010\/03\/stamaria1.jpg\"><img loading=\"lazy\" decoding=\"async\" class=\"alignright\" style=\"margin-left: 4px; margin-right: 4px; margin-top: 5px; margin-bottom: 5px;\" title=\"Passeio pela Vila Belga de Santa Maria\" src=\"https:\/\/ncep.ufpr.br\/wp-content\/uploads\/2010\/03\/stamaria1-150x150.jpg\" alt=\"\" width=\"114\" height=\"109\" \/><\/a>os desafios da intera\u00e7\u00e3o entre universidade e comunidade. Outro assunto bastante citado foi que, infelizmente, h\u00e1 pouco recurso para a extens\u00e3o universit\u00e1ria, se compararmos com a educa\u00e7\u00e3o e a pesquisa. Neste dia professores, servidores e extensionistas da UFPR tiveram um tempinho para conhecer os pontos tur\u00edsticos da cidade!<\/p>\n<p style=\"text-align: justify;\">No segundo dia de evento as atividades foram paralelas em quatro escolas da periferia, onde aconteceram oficinas de assuntos variados ministradas pelos pr\u00f3prios extensionistas. Deste modo fizemos extens\u00e3o durante o pr\u00f3prio evento, j\u00e1 que pudemos conhecer a realidade e as necessidades da cidade. Antes das oficinas houve uma apresenta\u00e7\u00e3o cultural enfatizando as dan\u00e7as t\u00edpicas dos Centros de Tradi\u00e7\u00f5es Ga\u00fachas (CTG).<\/p>\n<p style=\"text-align: justify;\">As atividades do \u00faltimo dia do 27\u00ba SEURS foram concentras no campus da Universidade Federal de Santa Maria (UFSM). Neste dia eu representei o NCEP fazendo uma apresenta\u00e7\u00e3o de p\u00f4ster estendido, com 30 minutos dispon\u00edveis, relatando o que o n\u00facleo desenvolve nas comunidades em que atua.<\/p>\n<p style=\"text-align: center;\"><a href=\"https:\/\/ncep.ufpr.br\/wp-content\/uploads\/2010\/03\/stamaria.jpg\"><img loading=\"lazy\" decoding=\"async\" class=\"aligncenter\" title=\"27\u00ba SEURS\" src=\"https:\/\/ncep.ufpr.br\/wp-content\/uploads\/2010\/03\/stamaria.jpg\" alt=\"\" width=\"448\" height=\"336\" \/><\/a><\/p>\n<p style=\"text-align: justify;\">Adorei representar o NCEP! Foi uma experi\u00eancia inesquec\u00edvel. Pude defender o que eu fa\u00e7o, isto \u00e9, as id\u00e9ias e os projetos do n\u00facleo e al\u00e9m disso fiz novos amigos e conheci uma cidade muito simp\u00e1tica!\u00a0Conhe\u00e7a\u00a0<a title=\"Pontos Tur\u00edsticos Santa Maria\" href=\"http:\/\/www.santamariatur.com.br\/pontos.htm\" target=\"_blank\">aqui <\/a>os pontos tur\u00edsticos de Santa Maria (RS).<\/p>\n","protected":false},"excerpt":{"rendered":"<p>27\u00ba\u00a0SEURS (Semin\u00e1rio de Extens\u00e3o Universit\u00e1ria da Regi\u00e3o Sul) Andressa Fedalto Foram 14 longas horas de viagem e cerda de 900 Km percorridos de Curitiba (PR)\u00a0at\u00e9 a cidade de Santa Maria, no Rio Grande do Sul. O tema do 27\u00ba SEURS, que ocorreu de 25 a 27 de novembro de 2009, foi \u201cOs Desafios da Intera\u00e7\u00e3o [&hellip;]<\/p>\n","protected":false},"author":3,"featured_media":0,"parent":150,"menu_order":1,"comment_status":"open","ping_status":"open","template":"","meta":{"footnotes":""},"class_list":["post-326","page","type-page","status-publish","hentry"],"_links":{"self":[{"href":"https:\/\/ncep.ufpr.br\/index.php?rest_route=\/wp\/v2\/pages\/326"}],"collection":[{"href":"https:\/\/ncep.ufpr.br\/index.php?rest_route=\/wp\/v2\/pages"}],"about":[{"href":"https:\/\/ncep.ufpr.br\/index.php?rest_route=\/wp\/v2\/types\/page"}],"author":[{"embeddable":true,"href":"https:\/\/ncep.ufpr.br\/index.php?rest_route=\/wp\/v2\/users\/3"}],"replies":[{"embeddable":true,"href":"https:\/\/ncep.ufpr.br\/index.php?rest_route=%2Fwp%2Fv2%2Fcomments&post=326"}],"version-history":[{"count":8,"href":"https:\/\/ncep.ufpr.br\/index.php?rest_route=\/wp\/v2\/pages\/326\/revisions"}],"predecessor-version":[{"id":340,"href":"https:\/\/ncep.ufpr.br\/index.php?rest_route=\/wp\/v2\/pages\/326\/revisions\/340"}],"up":[{"embeddable":true,"href":"https:\/\/ncep.ufpr.br\/index.php?rest_route=\/wp\/v2\/pages\/150"}],"wp:attachment":[{"href":"https:\/\/ncep.ufpr.br\/index.php?rest_route=%2Fwp%2Fv2%2Fmedia&parent=326"}],"curies":[{"name":"wp","href":"https:\/\/api.w.org\/{rel}","templated":true}]}}