{"id":3027,"date":"2017-11-19T15:00:25","date_gmt":"2017-11-19T18:00:25","guid":{"rendered":"https:\/\/ncep.ufpr.br\/?page_id=3027"},"modified":"2017-11-19T15:00:43","modified_gmt":"2017-11-19T18:00:43","slug":"jornal-a-laje","status":"publish","type":"page","link":"https:\/\/ncep.ufpr.br\/?page_id=3027","title":{"rendered":"Jornal A Laje"},"content":{"rendered":"<p>Qual \u00e9 a proposta?<\/p>\n<p>Auxiliar o Movimento Nacional da Popula\u00e7\u00e3o de Rua (MNPR) na produ\u00e7\u00e3o de um jornal bimensal como ve\u00edculo de comunica\u00e7\u00e3o para e sobre a popula\u00e7\u00e3o em situa\u00e7\u00e3o de rua de Curitiba, com pautas que atendam aos interesses e representem as demandas pol\u00edticas dos mesmos. Acesse as edi\u00e7\u00f5es virtuais em:\u00a0<a href=\"https:\/\/issuu.com\/alaje\" target=\"_blank\">https:\/\/issuu.com\/alaje<\/a><\/p>\n<p>Como \u00e9 desenvolvido o projeto?<\/p>\n<p>O projeto \u00e9 desenvolvido a partir de reuni\u00f5es entre membros do NCEP e do MNPR e pessoas em situa\u00e7\u00e3o de rua que se voluntariam na constru\u00e7\u00e3o do jornal. As reuni\u00f5es s\u00e3o realizadas na sede do Movimento Nacional da Popula\u00e7\u00e3o de Rua (MNPR). Nesses encontros, poss\u00edveis pautas s\u00e3o sugeridas, informa\u00e7\u00f5es s\u00e3o apuradas e eventos relevantes s\u00e3o divulgados para que as tarefas de cada membro sejam distribu\u00eddas. Eventualmente, os membros do projeto v\u00e3o ao encontro das pessoas em situa\u00e7\u00e3o de rua para saber sua opini\u00e3o sobre o trabalho realizado e ouvir sugest\u00f5es, al\u00e9m de se aproximar da realidade das ruas. A reda\u00e7\u00e3o de parte do conte\u00fado, a revis\u00e3o e a diagrama\u00e7\u00e3o do ve\u00edculo s\u00e3o de responsabilidade do NCEP. A impress\u00e3o fica a cargo de sindicatos que manifestam apoio ao MNPR se revezando para imprimir a tiragem de mil exemplares por edi\u00e7\u00e3o.<\/p>\n","protected":false},"excerpt":{"rendered":"<p>Qual \u00e9 a proposta? Auxiliar o Movimento Nacional da Popula\u00e7\u00e3o de Rua (MNPR) na produ\u00e7\u00e3o de um jornal bimensal como ve\u00edculo de comunica\u00e7\u00e3o para e sobre a popula\u00e7\u00e3o em situa\u00e7\u00e3o de rua de Curitiba, com pautas que atendam aos interesses e representem as demandas pol\u00edticas dos mesmos. Acesse as edi\u00e7\u00f5es virtuais em:\u00a0https:\/\/issuu.com\/alaje Como \u00e9 desenvolvido [&hellip;]<\/p>\n","protected":false},"author":3,"featured_media":0,"parent":3015,"menu_order":1,"comment_status":"open","ping_status":"open","template":"","meta":{"footnotes":""},"class_list":["post-3027","page","type-page","status-publish","hentry"],"_links":{"self":[{"href":"https:\/\/ncep.ufpr.br\/index.php?rest_route=\/wp\/v2\/pages\/3027"}],"collection":[{"href":"https:\/\/ncep.ufpr.br\/index.php?rest_route=\/wp\/v2\/pages"}],"about":[{"href":"https:\/\/ncep.ufpr.br\/index.php?rest_route=\/wp\/v2\/types\/page"}],"author":[{"embeddable":true,"href":"https:\/\/ncep.ufpr.br\/index.php?rest_route=\/wp\/v2\/users\/3"}],"replies":[{"embeddable":true,"href":"https:\/\/ncep.ufpr.br\/index.php?rest_route=%2Fwp%2Fv2%2Fcomments&post=3027"}],"version-history":[{"count":2,"href":"https:\/\/ncep.ufpr.br\/index.php?rest_route=\/wp\/v2\/pages\/3027\/revisions"}],"predecessor-version":[{"id":3029,"href":"https:\/\/ncep.ufpr.br\/index.php?rest_route=\/wp\/v2\/pages\/3027\/revisions\/3029"}],"up":[{"embeddable":true,"href":"https:\/\/ncep.ufpr.br\/index.php?rest_route=\/wp\/v2\/pages\/3015"}],"wp:attachment":[{"href":"https:\/\/ncep.ufpr.br\/index.php?rest_route=%2Fwp%2Fv2%2Fmedia&parent=3027"}],"curies":[{"name":"wp","href":"https:\/\/api.w.org\/{rel}","templated":true}]}}