{"id":3,"date":"2009-08-12T11:54:21","date_gmt":"2009-08-12T14:54:21","guid":{"rendered":"https:\/\/ncep.ufpr.br\/?page_id=3"},"modified":"2017-11-19T15:11:36","modified_gmt":"2017-11-19T18:11:36","slug":"parceiros","status":"publish","type":"page","link":"https:\/\/ncep.ufpr.br\/?page_id=3","title":{"rendered":"Parcerias finalizadas"},"content":{"rendered":"<p>O N\u00facleo de Comunica\u00e7\u00e3o e Educa\u00e7\u00e3o Popular \u2013 NCEP \u2013 partindo de uma de suas linhas de atua\u00e7\u00e3o, assessora organiza\u00e7\u00f5es sem fins lucrativos que objetivam a inclus\u00e3o social atrav\u00e9s da comunica\u00e7\u00e3o.<\/p>\n<p>Estabelecemos com os nossos parceiros uma troca de experi\u00eancias com a finalidade de integrar o meio acad\u00eamico a comunidade, bem como permitir aos nossos alunos relacionar teoria e pr\u00e1tica.<\/p>\n<p>Aqui voc\u00ea pode conferir alguns projetos finalizados.<\/p>\n<p>Seja voc\u00ea tamb\u00e9m nosso parceiro. <a href=\"https:\/\/ncep.ufpr.br\/?page_id=16\" target=\"_self\">Saiba como.<\/a><\/p>\n<p>ANTIGAS PARCERIAS:<\/p>\n<ul>\n<li>Movimento Nacional de Popula\u00e7\u00e3o de Rua<\/li>\n<li>Col\u00e9gio Estadual Manoel Ribas<\/li>\n<li>Escola Estadual Herbert de Souza<\/li>\n<li>Escola Municipal Bairro Novo CAIC<\/li>\n<\/ul>\n","protected":false},"excerpt":{"rendered":"<p>O N\u00facleo de Comunica\u00e7\u00e3o e Educa\u00e7\u00e3o Popular \u2013 NCEP \u2013 partindo de uma de suas linhas de atua\u00e7\u00e3o, assessora organiza\u00e7\u00f5es sem fins lucrativos que objetivam a inclus\u00e3o social atrav\u00e9s da comunica\u00e7\u00e3o. Estabelecemos com os nossos parceiros uma troca de experi\u00eancias com a finalidade de integrar o meio acad\u00eamico a comunidade, bem como permitir aos nossos [&hellip;]<\/p>\n","protected":false},"author":2,"featured_media":0,"parent":0,"menu_order":4,"comment_status":"open","ping_status":"open","template":"","meta":{"footnotes":""},"class_list":["post-3","page","type-page","status-publish","hentry"],"_links":{"self":[{"href":"https:\/\/ncep.ufpr.br\/index.php?rest_route=\/wp\/v2\/pages\/3"}],"collection":[{"href":"https:\/\/ncep.ufpr.br\/index.php?rest_route=\/wp\/v2\/pages"}],"about":[{"href":"https:\/\/ncep.ufpr.br\/index.php?rest_route=\/wp\/v2\/types\/page"}],"author":[{"embeddable":true,"href":"https:\/\/ncep.ufpr.br\/index.php?rest_route=\/wp\/v2\/users\/2"}],"replies":[{"embeddable":true,"href":"https:\/\/ncep.ufpr.br\/index.php?rest_route=%2Fwp%2Fv2%2Fcomments&post=3"}],"version-history":[{"count":22,"href":"https:\/\/ncep.ufpr.br\/index.php?rest_route=\/wp\/v2\/pages\/3\/revisions"}],"predecessor-version":[{"id":31,"href":"https:\/\/ncep.ufpr.br\/index.php?rest_route=\/wp\/v2\/pages\/3\/revisions\/31"}],"wp:attachment":[{"href":"https:\/\/ncep.ufpr.br\/index.php?rest_route=%2Fwp%2Fv2%2Fmedia&parent=3"}],"curies":[{"name":"wp","href":"https:\/\/api.w.org\/{rel}","templated":true}]}}