{"id":150,"date":"2010-03-26T09:30:10","date_gmt":"2010-03-26T12:30:10","guid":{"rendered":"https:\/\/ncep.ufpr.br\/?page_id=150"},"modified":"2013-09-26T16:52:27","modified_gmt":"2013-09-26T19:52:27","slug":"relatos-de-experiencia","status":"publish","type":"page","link":"https:\/\/ncep.ufpr.br\/?page_id=150","title":{"rendered":"Relatos de Experi\u00eancia"},"content":{"rendered":"<div style=\"text-align: justify;\">Durante o ano, o NCEP realiza atividades com diversas comunidades, auxiliando-as de acordo com suas linhas de atua\u00e7\u00e3o.\u00a0Al\u00e9m disso, o grupo tamb\u00e9m \u00e9 representado em semin\u00e1rios e outros eventos acad\u00eamicos relacionados \u00e0 comunica\u00e7\u00e3o popular.\u00a0Os integrantes do N\u00facleo, ao participarem dessas atividades, tem um grande desenvolvimento pessoal e profissional.<\/div>\n<div style=\"text-align: justify;\">Conhe\u00e7a os relatos de como foram as experi\u00eancias nos seguintes projetos:<\/div>\n<div style=\"text-align: left;\">Jornal A Laje<\/div>\n<div style=\"text-align: left;\">R\u00e1dio da Col\u00e9gio Estadual Manoel Ribas<\/div>\n<div style=\"text-align: left;\">R\u00e1dio do CAIC Guilherme Lacerda Braga Sobrinho<\/div>\n<div style=\"text-align: left;\">R\u00e1dio da Escola Herbert de Souza<\/div>\n<p style=\"text-align: justify;\">\n<p style=\"text-align: justify;\">\n<p class=\"MsoNormal\" style=\"margin-top: 0cm; margin-right: 0cm; margin-bottom: 10pt; margin-left: 0cm; text-align: justify;\"><span style=\"line-height: 115%; font-family: 'Arial','sans-serif'; font-size: 12pt;\"> <\/span><\/p>\n<p class=\"MsoNormal\" style=\"line-height: 150%; margin-top: 0cm; margin-right: 0cm; margin-bottom: 10pt; margin-left: 0cm; text-align: justify;\"><span style=\"line-height: 150%; font-family: 'Arial','sans-serif'; font-size: 12pt;\"><span style=\"mso-tab-count: 1;\"> <\/span><\/span><\/p>\n","protected":false},"excerpt":{"rendered":"<p>Durante o ano, o NCEP realiza atividades com diversas comunidades, auxiliando-as de acordo com suas linhas de atua\u00e7\u00e3o.\u00a0Al\u00e9m disso, o grupo tamb\u00e9m \u00e9 representado em semin\u00e1rios e outros eventos acad\u00eamicos relacionados \u00e0 comunica\u00e7\u00e3o popular.\u00a0Os integrantes do N\u00facleo, ao participarem dessas atividades, tem um grande desenvolvimento pessoal e profissional. Conhe\u00e7a os relatos de como foram as [&hellip;]<\/p>\n","protected":false},"author":3,"featured_media":0,"parent":0,"menu_order":3,"comment_status":"open","ping_status":"open","template":"","meta":{"footnotes":""},"class_list":["post-150","page","type-page","status-publish","hentry"],"_links":{"self":[{"href":"https:\/\/ncep.ufpr.br\/index.php?rest_route=\/wp\/v2\/pages\/150"}],"collection":[{"href":"https:\/\/ncep.ufpr.br\/index.php?rest_route=\/wp\/v2\/pages"}],"about":[{"href":"https:\/\/ncep.ufpr.br\/index.php?rest_route=\/wp\/v2\/types\/page"}],"author":[{"embeddable":true,"href":"https:\/\/ncep.ufpr.br\/index.php?rest_route=\/wp\/v2\/users\/3"}],"replies":[{"embeddable":true,"href":"https:\/\/ncep.ufpr.br\/index.php?rest_route=%2Fwp%2Fv2%2Fcomments&post=150"}],"version-history":[{"count":39,"href":"https:\/\/ncep.ufpr.br\/index.php?rest_route=\/wp\/v2\/pages\/150\/revisions"}],"predecessor-version":[{"id":272,"href":"https:\/\/ncep.ufpr.br\/index.php?rest_route=\/wp\/v2\/pages\/150\/revisions\/272"}],"wp:attachment":[{"href":"https:\/\/ncep.ufpr.br\/index.php?rest_route=%2Fwp%2Fv2%2Fmedia&parent=150"}],"curies":[{"name":"wp","href":"https:\/\/api.w.org\/{rel}","templated":true}]}}